{"id":7,"date":"2020-05-13T10:34:14","date_gmt":"2020-05-13T08:34:14","guid":{"rendered":"http:\/\/krzysztof.dfirma.pl\/index.php\/blog\/"},"modified":"2020-05-21T10:47:14","modified_gmt":"2020-05-21T08:47:14","slug":"blog","status":"publish","type":"page","link":"https:\/\/www.marusa.de\/index.php\/blog\/","title":{"rendered":"blog"},"content":{"rendered":"<p>[et_pb_section fb_built=&#8221;1&#8243; custom_padding_last_edited=&#8221;on|phone&#8221; _builder_version=&#8221;4.4.2&#8243; background_color=&#8221;rgba(0,0,0,0.47)&#8221; background_image=&#8221;http:\/\/krzysztof.dfirma.pl\/wp-content\/uploads\/2020\/05\/fittings-2784902_1920.jpg&#8221; background_blend=&#8221;overlay&#8221; custom_padding=&#8221;0vh||0vh||true|false&#8221; custom_padding_tablet=&#8221;15vh||15vh||true|false&#8221; custom_padding_phone=&#8221;10vh||10vh||true|false&#8221;][et_pb_row use_custom_gutter=&#8221;on&#8221; gutter_width=&#8221;2&#8243; make_equal=&#8221;on&#8221; _builder_version=&#8221;4.2.2&#8243; width=&#8221;90%&#8221; width_tablet=&#8221;90%&#8221; width_phone=&#8221;90%&#8221; width_last_edited=&#8221;on|desktop&#8221; max_width=&#8221;1170px&#8221; max_width_tablet=&#8221;90%&#8221; max_width_phone=&#8221;90%&#8221; max_width_last_edited=&#8221;on|tablet&#8221; animation_style=&#8221;slide&#8221; animation_direction=&#8221;top&#8221;][et_pb_column type=&#8221;4_4&#8243; _builder_version=&#8221;4.2.2&#8243;][et_pb_text _builder_version=&#8221;4.4.2&#8243; header_font=&#8221;Barlow Condensed|300|||||||&#8221; header_text_align=&#8221;center&#8221; header_text_color=&#8221;#ffffff&#8221; header_font_size=&#8221;90px&#8221; header_letter_spacing=&#8221;-1px&#8221; header_font_size_tablet=&#8221;60px&#8221; header_font_size_phone=&#8221;40px&#8221; header_font_size_last_edited=&#8221;on|phone&#8221;]<\/p>\n<h1>MARUSA.<strong>de<\/strong><\/h1>\n<p>[\/et_pb_text][\/et_pb_column][\/et_pb_row][et_pb_row column_structure=&#8221;1_2,1_2&#8243; use_custom_gutter=&#8221;on&#8221; gutter_width=&#8221;1&#8243; make_equal=&#8221;on&#8221; _builder_version=&#8221;4.2.2&#8243; width=&#8221;90%&#8221; width_tablet=&#8221;90%&#8221; width_phone=&#8221;90%&#8221; width_last_edited=&#8221;on|desktop&#8221; max_width=&#8221;1170px&#8221; max_width_tablet=&#8221;90%&#8221; max_width_phone=&#8221;90%&#8221; max_width_last_edited=&#8221;on|tablet&#8221; custom_padding=&#8221;7px||53px||false|false&#8221; animation_style=&#8221;slide&#8221; animation_direction=&#8221;bottom&#8221;][et_pb_column type=&#8221;1_2&#8243; _builder_version=&#8221;4.2.2&#8243;][et_pb_button button_text=&#8221;+49 176 71 68 6173&#8243; button_alignment=&#8221;right&#8221; button_alignment_tablet=&#8221;center&#8221; button_alignment_phone=&#8221;center&#8221; button_alignment_last_edited=&#8221;on|phone&#8221; _builder_version=&#8221;4.4.2&#8243; custom_button=&#8221;on&#8221; button_text_size=&#8221;17px&#8221; button_text_color=&#8221;#ffffff&#8221; button_bg_color=&#8221;#F7B446&#8243; button_border_color=&#8221;#F7B446&#8243; button_border_radius=&#8221;3px&#8221; button_font=&#8221;Barlow Condensed||||||||&#8221; button_use_icon=&#8221;off&#8221; custom_margin=&#8221;|5px|||false|false&#8221; custom_margin_tablet=&#8221;|0px|10px||false|false&#8221; custom_margin_phone=&#8221;|0px|20px||false|false&#8221; custom_margin_last_edited=&#8221;on|phone&#8221; custom_padding=&#8221;11px|42px|11px|42px|true|true&#8221; button_text_color__hover_enabled=&#8221;on|hover&#8221; button_text_color__hover=&#8221;#ffffff&#8221; button_bg_color__hover_enabled=&#8221;on|hover&#8221; button_bg_color__hover=&#8221;#39374d&#8221; button_bg_enable_color__hover=&#8221;on&#8221; button_border_color__hover_enabled=&#8221;on|hover&#8221; button_border_color__hover=&#8221;#39374d&#8221; button_letter_spacing__hover_enabled=&#8221;on|desktop&#8221; button_letter_spacing__hover=&#8221;0px&#8221;][\/et_pb_button][\/et_pb_column][et_pb_column type=&#8221;1_2&#8243; _builder_version=&#8221;4.2.2&#8243;][et_pb_button button_text=&#8221; info@marusa.de&#8221; button_alignment=&#8221;left&#8221; button_alignment_tablet=&#8221;center&#8221; button_alignment_phone=&#8221;center&#8221; button_alignment_last_edited=&#8221;on|phone&#8221; _builder_version=&#8221;4.4.2&#8243; custom_button=&#8221;on&#8221; button_text_size=&#8221;17px&#8221; button_text_color=&#8221;#39374d&#8221; button_bg_color=&#8221;#ffffff&#8221; button_border_color=&#8221;#ffffff&#8221; button_border_radius=&#8221;3px&#8221; button_font=&#8221;Barlow Condensed||||||||&#8221; button_use_icon=&#8221;off&#8221; custom_margin=&#8221;|||5px|false|false&#8221; custom_margin_tablet=&#8221;|||0px|false|false&#8221; custom_margin_phone=&#8221;|||0px|false|false&#8221; custom_margin_last_edited=&#8221;on|phone&#8221; custom_padding=&#8221;11px|42px|11px|42px|true|true&#8221; button_text_color__hover_enabled=&#8221;on|hover&#8221; button_text_color__hover=&#8221;#ffffff&#8221; button_bg_color__hover_enabled=&#8221;on|hover&#8221; button_bg_color__hover=&#8221;#39374d&#8221; button_bg_enable_color__hover=&#8221;on&#8221; button_border_color__hover_enabled=&#8221;on|desktop&#8221; button_border_color__hover=&#8221;#39374d&#8221; button_letter_spacing__hover_enabled=&#8221;on|desktop&#8221; button_letter_spacing__hover=&#8221;0px&#8221;][\/et_pb_button][\/et_pb_column][\/et_pb_row][\/et_pb_section][et_pb_section fb_built=&#8221;1&#8243; _builder_version=&#8221;4.2.2&#8243; custom_padding=&#8221;48px||48px||true|&#8221;][et_pb_row use_custom_gutter=&#8221;on&#8221; gutter_width=&#8221;2&#8243; make_equal=&#8221;on&#8221; _builder_version=&#8221;4.2.2&#8243; width=&#8221;90%&#8221; width_tablet=&#8221;90%&#8221; width_phone=&#8221;90%&#8221; width_last_edited=&#8221;on|desktop&#8221; max_width=&#8221;1170px&#8221; max_width_tablet=&#8221;90%&#8221; max_width_phone=&#8221;90%&#8221; max_width_last_edited=&#8221;on|tablet&#8221; custom_padding=&#8221;0px|||||&#8221;][et_pb_column type=&#8221;4_4&#8243; _builder_version=&#8221;4.2.2&#8243;][et_pb_text _builder_version=&#8221;4.4.2&#8243; text_font=&#8221;Barlow Condensed||||||||&#8221; text_text_color=&#8221;#ffffff&#8221; text_font_size=&#8221;150px&#8221; text_line_height=&#8221;1em&#8221; text_orientation=&#8221;center&#8221; custom_margin=&#8221;-26px||||false|false&#8221; text_font_size_tablet=&#8221;70px&#8221; text_font_size_phone=&#8221;60px&#8221; text_font_size_last_edited=&#8221;on|phone&#8221; text_text_shadow_style=&#8221;preset3&#8243; text_text_shadow_blur_strength=&#8221;0.01em&#8221;]<\/p>\n<p>MARUSA<\/p>\n<p>[\/et_pb_text][et_pb_text _builder_version=&#8221;4.4.2&#8243; header_2_font=&#8221;Barlow Condensed|600|||||||&#8221; header_2_text_align=&#8221;center&#8221; header_2_text_color=&#8221;#39374d&#8221; header_2_font_size=&#8221;50px&#8221; header_2_line_height=&#8221;1.2em&#8221; z_index=&#8221;430&#8243; custom_margin=&#8221;-126px||||false|false&#8221; custom_margin_tablet=&#8221;-68px||||false|false&#8221; custom_margin_phone=&#8221;-64px||||false|false&#8221; custom_margin_last_edited=&#8221;on|phone&#8221; header_2_font_size_tablet=&#8221;&#8221; header_2_font_size_phone=&#8221;&#8221; header_2_font_size_last_edited=&#8221;on|phone&#8221; header_2_line_height_tablet=&#8221;&#8221; header_2_line_height_phone=&#8221;1em&#8221; header_2_line_height_last_edited=&#8221;on|phone&#8221;]<\/p>\n<h2><span color=\"#f7b446\" style=\"color: #f7b446;\">Blog<\/span><\/h2>\n<p>[\/et_pb_text][et_pb_image src=&#8221;http:\/\/krzysztof.dfirma.pl\/wp-content\/uploads\/2020\/05\/Construction-88-5.png&#8221; align=&#8221;center&#8221; _builder_version=&#8221;4.2.2&#8243; custom_margin=&#8221;-8px||||false|false&#8221; custom_margin_tablet=&#8221;-18px||||false|false&#8221; custom_margin_phone=&#8221;&#8221; custom_margin_last_edited=&#8221;on|tablet&#8221;][\/et_pb_image][\/et_pb_column][\/et_pb_row][et_pb_row _builder_version=&#8221;4.4.2&#8243;][et_pb_column _builder_version=&#8221;4.4.2&#8243; type=&#8221;4_4&#8243;][et_pb_text _builder_version=&#8221;4.4.2&#8243; text_font=&#8221;Roboto Condensed||||||||&#8221; text_text_color=&#8221;#7a7e91&#8243; text_font_size=&#8221;16px&#8221; text_line_height=&#8221;1.8em&#8221; header_5_font=&#8221;Barlow Condensed||||||||&#8221; header_5_text_color=&#8221;#39374d&#8221; header_5_font_size=&#8221;22px&#8221; header_5_line_height=&#8221;1.6em&#8221; custom_margin=&#8221;-18px||||false|false&#8221; custom_margin_tablet=&#8221;-27px||||false|false&#8221; custom_margin_phone=&#8221;-31px||||false|false&#8221; custom_margin_last_edited=&#8221;on|tablet&#8221; custom_padding=&#8221;23px|30px|0px|30px|false|true&#8221; link_option_url=&#8221;#&#8221; hover_enabled=&#8221;0&#8243; border_radii=&#8221;off|||5px|5px&#8221; border_width_all=&#8221;1px&#8221; border_color_all=&#8221;#e5e5e5&#8243; border_width_top=&#8221;0px&#8221; header_5_text_color__hover_enabled=&#8221;on|desktop&#8221; header_5_text_color__hover=&#8221;#F7B446&#8243;]Haftung durch die Wohngeb\u00e4udeversicherung<br \/>\nWird bei einem Wasserschaden das Geb\u00e4ude selbst angegriffen, kommt die Wohngeb\u00e4udeversicherung zum Einsatz \u2013 das<br \/>\nkann die eigene Versicherung oder die des Eigent\u00fcmers sein, sofern Sie zur Miete wohnen. Wichtig ist dann, dass Sie den<br \/>\nVermieter unverz\u00fcglich \u00fcber den Wasserschaden in Kenntnis setzen.<br \/>\nDie Wohngeb\u00e4udeversicherung deckt alle Sch\u00e4den ab, die an der Immobilie selbst oder an fest verbundenen Teilen, z. B.<br \/>\neinem Heizk\u00f6rper, der Badewanne oder der Toilette, durch Leitungs- oder Abwasser entstehen.<br \/>\nVor allem f\u00fcr Hausverwaltungen interessant:\u00a0Leer stehende Geb\u00e4ude, z. B. aufgrund eines Neubaus, saisonbedingt (bei<br \/>\neinem Ferienhaus oder \u2013wohnung) oder aufgrund einer Sanierung, lassen sich nicht \u00fcber die Wohngeb\u00e4udeversicherung<br \/>\nabsichern. Auch bei wenig oder vor\u00fcbergehend nicht genutzten Wohnungen (z. B. aufgrund eines mehrw\u00f6chigen Urlaubs)<br \/>\nwird ein eventueller Versicherungsfall genauestens gepr\u00fcft. In jedem Fall muss nachgewiesen werden k\u00f6nnen, dass<br \/>\nwasserf\u00fchrende Einrichtungen regelm\u00e4\u00dfig auch w\u00e4hrend des Leerstandes gepr\u00fcft wurden.<br \/>\nUm die Gefahr eines Wasserschadens w\u00e4hrend einer l\u00e4ngeren Abwesenheit so gering wie m\u00f6glich zu halten, empfiehlt es<br \/>\nsich, im Vorwege alle wasserf\u00fchrenden Anlagen abzudrehen und zu entleeren.<br \/>\nDie private Haftpflichtversicherung f\u00fcr den Wasserschaden bei Dritten<br \/>\nKommt Ihre Einrichtung durch den Wasserschaden in der Wohnung eines Nachbarn zu schaden, kommt die private<br \/>\nHaftpflichtversicherung des Nachbarn zum Einsatz, sofern dieser eine entsprechende Versicherung abgeschlossen hat. Das<br \/>\nGleiche gilt nat\u00fcrlich, wenn die Einrichtung eines Nachbarn durch einen Wasserschaden aus Ihrer Wohnung besch\u00e4digt wird<br \/>\n\u2013 dann greift Ihre private Haftpflichtversicherung.<br \/>\nDie Zusatzversicherung bei Elementarsch\u00e4den<br \/>\nEin Wasserschaden, der aufgrund eines Naturereignisses entsteht, z. B. durch eine \u00dcberschwemmung, ist \u00fcber die \u00fcblichen<br \/>\nStandardversicherungen nicht abgedeckt. Vor allem f\u00fcr Menschen, die in gef\u00e4hrdeten Gebieten leben, kann es darum<br \/>\nsinnvoll sein, zus\u00e4tzlich zur Hausrat- und Wohngeb\u00e4udeversicherung eine Elementarschadenversicherung abzuschlie\u00dfen.<br \/>\nNeben der Absicherung gegen Wassersch\u00e4den durch einen R\u00fcckstau oder eine \u00dcberschwemmung sind Sie damit auch<br \/>\ngegen Erdbeben, einen Erdrutsch und Sch\u00e4den durch Schneedruck und Lawinen versichert<br \/>\nWir nehmen Ihnen Arbeit ab:\u00a0Nachdem Sie Ihrer Versicherung den Wasserschaden gemeldet haben, \u00fcbernehmen wir bei<br \/>\nMARUSA auch die Kommunikation mit Ihrem Vermieter und\/ oder Ihrer Versicherung.[\/et_pb_text][\/et_pb_column][\/et_pb_row][\/et_pb_section][et_pb_section fb_built=&#8221;1&#8243; _builder_version=&#8221;4.2.2&#8243; use_background_color_gradient=&#8221;on&#8221; background_color_gradient_start=&#8221;rgba(0,0,0,0.76)&#8221; background_color_gradient_end=&#8221;rgba(0,0,0,0.3)&#8221; background_color_gradient_overlays_image=&#8221;on&#8221; background_image=&#8221;http:\/\/krzysztof.dfirma.pl\/wp-content\/uploads\/2020\/05\/Construction-86-2.jpg&#8221; background_position=&#8221;bottom_center&#8221; custom_padding=&#8221;80px||223px||false|false&#8221; global_module=&#8221;60&#8243; saved_tabs=&#8221;all&#8221;][et_pb_row column_structure=&#8221;1_3,1_3,1_3&#8243; use_custom_gutter=&#8221;on&#8221; gutter_width=&#8221;2&#8243; make_equal=&#8221;on&#8221; _builder_version=&#8221;4.2.2&#8243; width=&#8221;90%&#8221; width_tablet=&#8221;90%&#8221; width_phone=&#8221;90%&#8221; width_last_edited=&#8221;on|desktop&#8221; max_width=&#8221;1170px&#8221; max_width_tablet=&#8221;90%&#8221; max_width_phone=&#8221;90%&#8221; max_width_last_edited=&#8221;on|tablet&#8221;][et_pb_column type=&#8221;1_3&#8243; _builder_version=&#8221;4.2.2&#8243;][et_pb_image src=&#8221;http:\/\/krzysztof.dfirma.pl\/wp-content\/uploads\/2020\/05\/Construction-82-1.png&#8221; align=&#8221;center&#8221; _builder_version=&#8221;4.2.2&#8243; max_width=&#8221;55px&#8221; module_alignment=&#8221;center&#8221;][\/et_pb_image][et_pb_number_counter title=&#8221;HAS\u0141O REKLAMOWE&#8221; number=&#8221;1258&#8243; percent_sign=&#8221;off&#8221; _builder_version=&#8221;4.4.2&#8243; title_font=&#8221;Barlow Condensed||||||||&#8221; title_text_color=&#8221;#ffffff&#8221; title_font_size=&#8221;22px&#8221; title_line_height=&#8221;0.4em&#8221; number_font=&#8221;Barlow Condensed||||||||&#8221; number_text_color=&#8221;#ffffff&#8221; number_font_size=&#8221;55px&#8221; custom_margin=&#8221;-3px||||false|false&#8221;][\/et_pb_number_counter][et_pb_text _builder_version=&#8221;4.2.2&#8243; text_font=&#8221;Roboto Condensed||||||||&#8221; text_text_color=&#8221;#ffffff&#8221; text_font_size=&#8221;16px&#8221; text_line_height=&#8221;1.8em&#8221; text_orientation=&#8221;center&#8221; max_width=&#8221;334px&#8221; module_alignment=&#8221;center&#8221; custom_margin=&#8221;21px||||false|false&#8221;]<\/p>\n<p>Lorem insum dolor amet consec tetur elit eiusmod temsor dolore masna alirua enim minim.<\/p>\n<p>[\/et_pb_text][\/et_pb_column][et_pb_column type=&#8221;1_3&#8243; _builder_version=&#8221;4.2.2&#8243; custom_padding_tablet=&#8221;60px||60px||false|false&#8221; custom_padding_phone=&#8221;60px||60px||false|false&#8221; custom_padding_last_edited=&#8221;on|phone&#8221;][et_pb_image src=&#8221;http:\/\/krzysztof.dfirma.pl\/wp-content\/uploads\/2020\/05\/Construction-82-2.png&#8221; align=&#8221;center&#8221; _builder_version=&#8221;4.2.2&#8243; max_width=&#8221;55px&#8221; module_alignment=&#8221;center&#8221;][\/et_pb_image][et_pb_number_counter title=&#8221;HAS\u0141O REKLAMOWE&#8221; number=&#8221;7548&#8243; percent_sign=&#8221;off&#8221; _builder_version=&#8221;4.4.2&#8243; title_font=&#8221;Barlow Condensed||||||||&#8221; title_text_color=&#8221;#ffffff&#8221; title_font_size=&#8221;22px&#8221; title_line_height=&#8221;0.4em&#8221; number_font=&#8221;Barlow Condensed||||||||&#8221; number_text_color=&#8221;#ffffff&#8221; number_font_size=&#8221;55px&#8221; custom_margin=&#8221;-3px||||false|false&#8221;][\/et_pb_number_counter][et_pb_text _builder_version=&#8221;4.2.2&#8243; text_font=&#8221;Roboto Condensed||||||||&#8221; text_text_color=&#8221;#ffffff&#8221; text_font_size=&#8221;16px&#8221; text_line_height=&#8221;1.8em&#8221; text_orientation=&#8221;center&#8221; max_width=&#8221;334px&#8221; module_alignment=&#8221;center&#8221; custom_margin=&#8221;21px||||false|false&#8221;]<\/p>\n<p>Lorem insum dolor amet consec tetur elit eiusmod temsor dolore masna alirua enim minim.<\/p>\n<p>[\/et_pb_text][\/et_pb_column][et_pb_column type=&#8221;1_3&#8243; _builder_version=&#8221;4.2.2&#8243;][et_pb_image src=&#8221;http:\/\/krzysztof.dfirma.pl\/wp-content\/uploads\/2020\/05\/Construction-82-3.png&#8221; align=&#8221;center&#8221; _builder_version=&#8221;4.2.2&#8243; max_width=&#8221;55px&#8221; module_alignment=&#8221;center&#8221;][\/et_pb_image][et_pb_number_counter title=&#8221;HAS\u0141O REKLAMOWE&#8221; number=&#8221;9658&#8243; percent_sign=&#8221;off&#8221; _builder_version=&#8221;4.4.2&#8243; title_font=&#8221;Barlow Condensed||||||||&#8221; title_text_color=&#8221;#ffffff&#8221; title_font_size=&#8221;22px&#8221; title_line_height=&#8221;0.4em&#8221; number_font=&#8221;Barlow Condensed||||||||&#8221; number_text_color=&#8221;#ffffff&#8221; number_font_size=&#8221;55px&#8221; custom_margin=&#8221;-3px||||false|false&#8221;][\/et_pb_number_counter][et_pb_text _builder_version=&#8221;4.2.2&#8243; text_font=&#8221;Roboto Condensed||||||||&#8221; text_text_color=&#8221;#ffffff&#8221; text_font_size=&#8221;16px&#8221; text_line_height=&#8221;1.8em&#8221; text_orientation=&#8221;center&#8221; max_width=&#8221;334px&#8221; module_alignment=&#8221;center&#8221; custom_margin=&#8221;21px||||false|false&#8221;]<\/p>\n<p>Lorem insum dolor amet consec tetur elit eiusmod temsor dolore masna alirua enim minim.<\/p>\n<p>[\/et_pb_text][\/et_pb_column][\/et_pb_row][\/et_pb_section][et_pb_section fb_built=&#8221;1&#8243; _builder_version=&#8221;4.2.2&#8243; custom_padding=&#8221;1px||0px||false|false&#8221;][et_pb_row use_custom_gutter=&#8221;on&#8221; gutter_width=&#8221;2&#8243; make_equal=&#8221;on&#8221; _builder_version=&#8221;4.2.2&#8243; background_image=&#8221;http:\/\/krzysztof.dfirma.pl\/wp-content\/uploads\/2020\/05\/Construction-88-1.png&#8221; z_index=&#8221;500&#8243; width=&#8221;90%&#8221; width_tablet=&#8221;90%&#8221; width_phone=&#8221;90%&#8221; width_last_edited=&#8221;on|desktop&#8221; max_width=&#8221;1170px&#8221; max_width_tablet=&#8221;90%&#8221; max_width_phone=&#8221;90%&#8221; max_width_last_edited=&#8221;on|tablet&#8221; custom_margin=&#8221;-197px|auto||auto|false|false&#8221; custom_padding=&#8221;70px|30px|70px|30px|true|true&#8221; border_radii=&#8221;on|5px|5px|5px|5px&#8221;][et_pb_column type=&#8221;4_4&#8243; _builder_version=&#8221;4.2.2&#8243;][et_pb_text _builder_version=&#8221;4.2.2&#8243; header_2_font=&#8221;Barlow Condensed|300|||||||&#8221; header_2_text_align=&#8221;center&#8221; header_2_text_color=&#8221;#ffffff&#8221; header_2_font_size=&#8221;50px&#8221; header_2_line_height=&#8221;1.2em&#8221; z_index=&#8221;430&#8243; max_width=&#8221;800px&#8221; module_alignment=&#8221;center&#8221; custom_margin=&#8221;-15px||||false|false&#8221;]<\/p>\n<h2><strong>+49 176 71 68 6173<br \/>\n<\/h2>\n<p>[\/et_pb_text][\/et_pb_column][\/et_pb_row][\/et_pb_section]<\/p>\n","protected":false},"excerpt":{"rendered":"<p>[et_pb_section fb_built=&#8221;1&#8243; custom_padding_last_edited=&#8221;on|phone&#8221; _builder_version=&#8221;4.4.2&#8243; background_color=&#8221;rgba(0,0,0,0.47)&#8221; background_image=&#8221;http:\/\/krzysztof.dfirma.pl\/wp-content\/uploads\/2020\/05\/fittings-2784902_1920.jpg&#8221; background_blend=&#8221;overlay&#8221; custom_padding=&#8221;0vh||0vh||true|false&#8221; custom_padding_tablet=&#8221;15vh||15vh||true|false&#8221; custom_padding_phone=&#8221;10vh||10vh||true|false&#8221;][et_pb_row use_custom_gutter=&#8221;on&#8221; gutter_width=&#8221;2&#8243; make_equal=&#8221;on&#8221; _builder_version=&#8221;4.2.2&#8243; width=&#8221;90%&#8221; width_tablet=&#8221;90%&#8221; width_phone=&#8221;90%&#8221; width_last_edited=&#8221;on|desktop&#8221; max_width=&#8221;1170px&#8221; max_width_tablet=&#8221;90%&#8221; max_width_phone=&#8221;90%&#8221; max_width_last_edited=&#8221;on|tablet&#8221; animation_style=&#8221;slide&#8221; animation_direction=&#8221;top&#8221;][et_pb_column type=&#8221;4_4&#8243; _builder_version=&#8221;4.2.2&#8243;][et_pb_text _builder_version=&#8221;4.4.2&#8243; header_font=&#8221;Barlow Condensed|300|||||||&#8221; header_text_align=&#8221;center&#8221; header_text_color=&#8221;#ffffff&#8221; header_font_size=&#8221;90px&#8221; header_letter_spacing=&#8221;-1px&#8221; header_font_size_tablet=&#8221;60px&#8221; header_font_size_phone=&#8221;40px&#8221; header_font_size_last_edited=&#8221;on|phone&#8221;] MARUSA.de [\/et_pb_text][\/et_pb_column][\/et_pb_row][et_pb_row column_structure=&#8221;1_2,1_2&#8243; use_custom_gutter=&#8221;on&#8221; gutter_width=&#8221;1&#8243; make_equal=&#8221;on&#8221; _builder_version=&#8221;4.2.2&#8243; width=&#8221;90%&#8221; width_tablet=&#8221;90%&#8221; width_phone=&#8221;90%&#8221; width_last_edited=&#8221;on|desktop&#8221; max_width=&#8221;1170px&#8221; max_width_tablet=&#8221;90%&#8221; max_width_phone=&#8221;90%&#8221; max_width_last_edited=&#8221;on|tablet&#8221; custom_padding=&#8221;7px||53px||false|false&#8221; animation_style=&#8221;slide&#8221; animation_direction=&#8221;bottom&#8221;][et_pb_column type=&#8221;1_2&#8243; [&hellip;]<\/p>\n","protected":false},"author":1,"featured_media":0,"parent":0,"menu_order":0,"comment_status":"closed","ping_status":"closed","template":"","meta":{"_et_pb_use_builder":"on","_et_pb_old_content":"","_et_gb_content_width":"","footnotes":""},"class_list":["post-7","page","type-page","status-publish","hentry"],"_links":{"self":[{"href":"https:\/\/www.marusa.de\/index.php\/wp-json\/wp\/v2\/pages\/7","targetHints":{"allow":["GET"]}}],"collection":[{"href":"https:\/\/www.marusa.de\/index.php\/wp-json\/wp\/v2\/pages"}],"about":[{"href":"https:\/\/www.marusa.de\/index.php\/wp-json\/wp\/v2\/types\/page"}],"author":[{"embeddable":true,"href":"https:\/\/www.marusa.de\/index.php\/wp-json\/wp\/v2\/users\/1"}],"replies":[{"embeddable":true,"href":"https:\/\/www.marusa.de\/index.php\/wp-json\/wp\/v2\/comments?post=7"}],"version-history":[{"count":0,"href":"https:\/\/www.marusa.de\/index.php\/wp-json\/wp\/v2\/pages\/7\/revisions"}],"wp:attachment":[{"href":"https:\/\/www.marusa.de\/index.php\/wp-json\/wp\/v2\/media?parent=7"}],"curies":[{"name":"wp","href":"https:\/\/api.w.org\/{rel}","templated":true}]}}