{"id":9,"date":"2020-05-13T10:34:14","date_gmt":"2020-05-13T08:34:14","guid":{"rendered":"http:\/\/krzysztof.dfirma.pl\/index.php\/impresssum\/"},"modified":"2020-06-03T11:56:50","modified_gmt":"2020-06-03T09:56:50","slug":"impresssum","status":"publish","type":"page","link":"https:\/\/www.marusa.de\/index.php\/impresssum\/","title":{"rendered":"impresssum"},"content":{"rendered":"<p>[et_pb_section fb_built=&#8221;1&#8243; custom_padding_last_edited=&#8221;on|phone&#8221; _builder_version=&#8221;4.4.2&#8243; background_color=&#8221;rgba(0,0,0,0.47)&#8221; background_image=&#8221;http:\/\/krzysztof.dfirma.pl\/wp-content\/uploads\/2020\/05\/fittings-2784902_1920.jpg&#8221; background_blend=&#8221;overlay&#8221; custom_padding=&#8221;0vh||0vh||true|false&#8221; custom_padding_tablet=&#8221;15vh||15vh||true|false&#8221; custom_padding_phone=&#8221;10vh||10vh||true|false&#8221;][et_pb_row use_custom_gutter=&#8221;on&#8221; gutter_width=&#8221;2&#8243; make_equal=&#8221;on&#8221; _builder_version=&#8221;4.2.2&#8243; width=&#8221;90%&#8221; width_tablet=&#8221;90%&#8221; width_phone=&#8221;90%&#8221; width_last_edited=&#8221;on|desktop&#8221; max_width=&#8221;1170px&#8221; max_width_tablet=&#8221;90%&#8221; max_width_phone=&#8221;90%&#8221; max_width_last_edited=&#8221;on|tablet&#8221; animation_style=&#8221;slide&#8221; animation_direction=&#8221;top&#8221;][et_pb_column type=&#8221;4_4&#8243; _builder_version=&#8221;4.2.2&#8243;][et_pb_text _builder_version=&#8221;4.4.2&#8243; header_font=&#8221;Barlow Condensed|300|||||||&#8221; header_text_align=&#8221;center&#8221; header_text_color=&#8221;#ffffff&#8221; header_font_size=&#8221;90px&#8221; header_letter_spacing=&#8221;-1px&#8221; header_font_size_tablet=&#8221;60px&#8221; header_font_size_phone=&#8221;40px&#8221; header_font_size_last_edited=&#8221;on|phone&#8221;]<\/p>\n<h1>MARUSA.<strong>de<\/strong><\/h1>\n<p>[\/et_pb_text][\/et_pb_column][\/et_pb_row][et_pb_row column_structure=&#8221;1_2,1_2&#8243; use_custom_gutter=&#8221;on&#8221; gutter_width=&#8221;1&#8243; make_equal=&#8221;on&#8221; _builder_version=&#8221;4.2.2&#8243; width=&#8221;90%&#8221; width_tablet=&#8221;90%&#8221; width_phone=&#8221;90%&#8221; width_last_edited=&#8221;on|desktop&#8221; max_width=&#8221;1170px&#8221; max_width_tablet=&#8221;90%&#8221; max_width_phone=&#8221;90%&#8221; max_width_last_edited=&#8221;on|tablet&#8221; custom_padding=&#8221;7px||53px||false|false&#8221; animation_style=&#8221;slide&#8221; animation_direction=&#8221;bottom&#8221;][et_pb_column type=&#8221;1_2&#8243; _builder_version=&#8221;4.2.2&#8243;][et_pb_button button_text=&#8221;+49 176 71 68 6173&#8243; button_alignment=&#8221;right&#8221; button_alignment_tablet=&#8221;center&#8221; button_alignment_phone=&#8221;center&#8221; button_alignment_last_edited=&#8221;on|phone&#8221; _builder_version=&#8221;4.4.2&#8243; custom_button=&#8221;on&#8221; button_text_size=&#8221;17px&#8221; button_text_color=&#8221;#ffffff&#8221; button_bg_color=&#8221;#F7B446&#8243; button_border_color=&#8221;#F7B446&#8243; button_border_radius=&#8221;3px&#8221; button_font=&#8221;Barlow Condensed||||||||&#8221; button_use_icon=&#8221;off&#8221; custom_margin=&#8221;|5px|||false|false&#8221; custom_margin_tablet=&#8221;|0px|10px||false|false&#8221; custom_margin_phone=&#8221;|0px|20px||false|false&#8221; custom_margin_last_edited=&#8221;on|phone&#8221; custom_padding=&#8221;11px|42px|11px|42px|true|true&#8221; button_text_color__hover_enabled=&#8221;on|hover&#8221; button_text_color__hover=&#8221;#ffffff&#8221; button_bg_color__hover_enabled=&#8221;on|hover&#8221; button_bg_color__hover=&#8221;#39374d&#8221; button_bg_enable_color__hover=&#8221;on&#8221; button_border_color__hover_enabled=&#8221;on|hover&#8221; button_border_color__hover=&#8221;#39374d&#8221; button_letter_spacing__hover_enabled=&#8221;on|desktop&#8221; button_letter_spacing__hover=&#8221;0px&#8221;][\/et_pb_button][\/et_pb_column][et_pb_column type=&#8221;1_2&#8243; _builder_version=&#8221;4.2.2&#8243;][et_pb_button button_text=&#8221; info@marusa.de&#8221; button_alignment=&#8221;left&#8221; button_alignment_tablet=&#8221;center&#8221; button_alignment_phone=&#8221;center&#8221; button_alignment_last_edited=&#8221;on|phone&#8221; _builder_version=&#8221;4.4.2&#8243; custom_button=&#8221;on&#8221; button_text_size=&#8221;17px&#8221; button_text_color=&#8221;#39374d&#8221; button_bg_color=&#8221;#ffffff&#8221; button_border_color=&#8221;#ffffff&#8221; button_border_radius=&#8221;3px&#8221; button_font=&#8221;Barlow Condensed||||||||&#8221; button_use_icon=&#8221;off&#8221; custom_margin=&#8221;|||5px|false|false&#8221; custom_margin_tablet=&#8221;|||0px|false|false&#8221; custom_margin_phone=&#8221;|||0px|false|false&#8221; custom_margin_last_edited=&#8221;on|phone&#8221; custom_padding=&#8221;11px|42px|11px|42px|true|true&#8221; button_text_color__hover_enabled=&#8221;on|hover&#8221; button_text_color__hover=&#8221;#ffffff&#8221; button_bg_color__hover_enabled=&#8221;on|hover&#8221; button_bg_color__hover=&#8221;#39374d&#8221; button_bg_enable_color__hover=&#8221;on&#8221; button_border_color__hover_enabled=&#8221;on|desktop&#8221; button_border_color__hover=&#8221;#39374d&#8221; button_letter_spacing__hover_enabled=&#8221;on|desktop&#8221; button_letter_spacing__hover=&#8221;0px&#8221;][\/et_pb_button][\/et_pb_column][\/et_pb_row][\/et_pb_section][et_pb_section fb_built=&#8221;1&#8243; _builder_version=&#8221;4.2.2&#8243; custom_padding=&#8221;16px||16px||true|&#8221;][et_pb_row use_custom_gutter=&#8221;on&#8221; gutter_width=&#8221;2&#8243; make_equal=&#8221;on&#8221; _builder_version=&#8221;4.4.2&#8243; width=&#8221;90%&#8221; width_tablet=&#8221;90%&#8221; width_phone=&#8221;90%&#8221; width_last_edited=&#8221;on|desktop&#8221; max_width=&#8221;1170px&#8221; max_width_tablet=&#8221;90%&#8221; max_width_phone=&#8221;90%&#8221; max_width_last_edited=&#8221;on|tablet&#8221;][et_pb_column type=&#8221;4_4&#8243; _builder_version=&#8221;4.2.2&#8243; custom_padding=&#8221;|60px|30px||false|false&#8221; custom_padding_tablet=&#8221;&#8221; custom_padding_phone=&#8221;|0px|30px||false|false&#8221; custom_padding_last_edited=&#8221;on|phone&#8221;][et_pb_text _builder_version=&#8221;4.4.2&#8243; text_font=&#8221;Roboto Condensed||||||||&#8221; text_text_color=&#8221;#7a7e91&#8243; text_font_size=&#8221;16px&#8221; text_line_height=&#8221;1.8em&#8221; custom_margin=&#8221;16px||||false|false&#8221; custom_margin_tablet=&#8221;&#8221; custom_margin_phone=&#8221;-5px||||false|false&#8221; custom_margin_last_edited=&#8221;on|phone&#8221;]<strong>Impressum <\/strong><\/p>\n<p>&nbsp;<\/p>\n<p><strong>Angaben gem\u00e4\u00df \u00a7 5 TMG:<\/strong><\/p>\n<p><strong>\u00a0<\/strong><\/p>\n<p>Przemyslaw Marusa,<\/p>\n<p>Strawinskystr.36,<\/p>\n<p>90455 \u00a0N\u00fcrnberg, Grmany<\/p>\n<p>E-Mail: <a href=\"mailto:info@MARUSA.de\">info@MARUSA.de<\/a><\/p>\n<p>Tel. +49 176 \u00a071686173<\/p>\n<p>Umsatzsteuer-ID:<br \/>\nUmsatzsteuer-Identifikationsnummer gem\u00e4\u00df \u00a727 a Umsatzsteuergesetz:<br \/>\nDE314822024<\/p>\n<p>Steuer Nr.: 056\/649\/31143<\/p>\n<p>Inhaber:\u00a0Przemyslaw Marusa<\/p>\n<p>Verantwortlich f\u00fcr den Inhalt nach \u00a7 55 Abs. 2 RStV:<br \/>\nPrzemyslaw Marusa,<\/p>\n<p>&nbsp;<\/p>\n<p>&nbsp;<\/p>\n<p><strong>Aufsichtsbeh\u00f6rde <\/strong><\/p>\n<p>Handwerkskammer f\u00fcr Mittelfranken<\/p>\n<p>Sulzbacher Str. 11-15<\/p>\n<p>90489 N\u00fcrnberg<br \/>\n[\/et_pb_text][\/et_pb_column][\/et_pb_row][\/et_pb_section][et_pb_section fb_built=&#8221;1&#8243; _builder_version=&#8221;4.2.2&#8243; use_background_color_gradient=&#8221;on&#8221; background_color_gradient_start=&#8221;rgba(0,0,0,0.76)&#8221; background_color_gradient_end=&#8221;rgba(0,0,0,0.3)&#8221; background_color_gradient_overlays_image=&#8221;on&#8221; background_image=&#8221;http:\/\/krzysztof.dfirma.pl\/wp-content\/uploads\/2020\/05\/Construction-86-2.jpg&#8221; background_position=&#8221;bottom_center&#8221; custom_padding=&#8221;80px||223px||false|false&#8221; global_module=&#8221;60&#8243; saved_tabs=&#8221;all&#8221;][et_pb_row column_structure=&#8221;1_3,1_3,1_3&#8243; use_custom_gutter=&#8221;on&#8221; gutter_width=&#8221;2&#8243; make_equal=&#8221;on&#8221; _builder_version=&#8221;4.2.2&#8243; width=&#8221;90%&#8221; width_tablet=&#8221;90%&#8221; width_phone=&#8221;90%&#8221; width_last_edited=&#8221;on|desktop&#8221; max_width=&#8221;1170px&#8221; max_width_tablet=&#8221;90%&#8221; max_width_phone=&#8221;90%&#8221; max_width_last_edited=&#8221;on|tablet&#8221;][et_pb_column type=&#8221;1_3&#8243; _builder_version=&#8221;4.2.2&#8243;][et_pb_image src=&#8221;http:\/\/krzysztof.dfirma.pl\/wp-content\/uploads\/2020\/05\/Construction-82-1.png&#8221; align=&#8221;center&#8221; _builder_version=&#8221;4.2.2&#8243; max_width=&#8221;55px&#8221; module_alignment=&#8221;center&#8221;][\/et_pb_image][et_pb_text _builder_version=&#8221;4.4.2&#8243; text_font=&#8221;Roboto Condensed||||||||&#8221; text_text_color=&#8221;#ffffff&#8221; text_font_size=&#8221;16px&#8221; text_line_height=&#8221;1.8em&#8221; text_orientation=&#8221;center&#8221; max_width=&#8221;334px&#8221; module_alignment=&#8221;center&#8221; custom_margin=&#8221;21px||||false|false&#8221;]<\/p>\n<p style=\"text-align: center;\"><strong>Hydraulik-EXPERTE !<\/strong><\/p>\n<p style=\"text-align: justify;\">Hydraulische Berechnung von Kan\u00e4len und Sonderbauwerken in der Kanalisation.<\/p>\n<p style=\"text-align: justify;\">F\u00fcr die Ausf\u00fchrung gr\u00f6\u00dferer Objekte werden von mir entsprechende Fachkr\u00e4fte zus\u00e4tzlich eingestellt. Zur Gew\u00e4hrleistung einer guten Qualit\u00e4t arbeite ich ausschlie\u00dflich mit gut ausgebildeten Facharbeitern. Unsere langj\u00e4hrige Erfahrung und Fachkompetenz versetzt uns in die Lage, Sie jederzeit umfassend zu Ihrem Vorhaben beraten zu k\u00f6nnen.<\/p>\n<p>[\/et_pb_text][\/et_pb_column][et_pb_column type=&#8221;1_3&#8243; _builder_version=&#8221;4.2.2&#8243; custom_padding_tablet=&#8221;60px||60px||false|false&#8221; custom_padding_phone=&#8221;60px||60px||false|false&#8221; custom_padding_last_edited=&#8221;on|phone&#8221;][et_pb_image src=&#8221;http:\/\/krzysztof.dfirma.pl\/wp-content\/uploads\/2020\/05\/Construction-82-2.png&#8221; align=&#8221;center&#8221; _builder_version=&#8221;4.2.2&#8243; max_width=&#8221;55px&#8221; module_alignment=&#8221;center&#8221;][\/et_pb_image][et_pb_text _builder_version=&#8221;4.4.2&#8243; text_font=&#8221;Roboto Condensed||||||||&#8221; text_text_color=&#8221;#ffffff&#8221; text_font_size=&#8221;16px&#8221; text_line_height=&#8221;1.8em&#8221; text_orientation=&#8221;center&#8221; max_width=&#8221;334px&#8221; module_alignment=&#8221;center&#8221; custom_margin=&#8221;21px||||false|false&#8221;]<\/p>\n<p style=\"text-align: center;\"><strong>Sanit\u00e4rtechnik-EXPERTE<\/strong><\/p>\n<p style=\"text-align: justify;\">f\u00fcr Bad, Sanit\u00e4rtechnik und Heizung. Als Fachbetrieb der Innung Sanit\u00e4r, Heizung, Klima legen wir gro\u00dfen Wert auf die Aus-\u00a0und Weiterbildung unserer Mitarbeiter. So k\u00f6nnen wir Ihnen stets die aktuellste Technik f\u00fcr Ihre Installationen empfehlen. ihr optimaler Ansprechpartner bei Wasserschadenbeseitigungen. Infos hier! Probleml\u00f6sung. Schadenanalyse. Langj\u00e4hrige Erfahrung. Planung\/Kostenerstellung. Optionen: Technische Schadenabwicklung, Begehungen Und Bestandsaufnahmen, \u00dcberwachung Der Ausf\u00fchrung &#8211; Beratung &#8211; Planung \u2013 Ausf\u00fchrung<\/p>\n<p>[\/et_pb_text][\/et_pb_column][et_pb_column type=&#8221;1_3&#8243; _builder_version=&#8221;4.2.2&#8243;][et_pb_image src=&#8221;http:\/\/krzysztof.dfirma.pl\/wp-content\/uploads\/2020\/05\/Construction-82-3.png&#8221; align=&#8221;center&#8221; _builder_version=&#8221;4.2.2&#8243; max_width=&#8221;55px&#8221; module_alignment=&#8221;center&#8221;][\/et_pb_image][et_pb_text _builder_version=&#8221;4.4.2&#8243; text_font=&#8221;Roboto Condensed||||||||&#8221; text_text_color=&#8221;#ffffff&#8221; text_font_size=&#8221;16px&#8221; text_line_height=&#8221;1.8em&#8221; text_orientation=&#8221;center&#8221; max_width=&#8221;334px&#8221; module_alignment=&#8221;center&#8221; custom_margin=&#8221;21px||||false|false&#8221;]<\/p>\n<p style=\"text-align: center;\"><strong>Schadenservice<\/strong><\/p>\n<p style=\"text-align: justify;\"> Nach Brand-, Wasser-, Sturm-, Hagel-, Elementar- und \/ oder Geb\u00e4udesch\u00e4den ist eine schnelle und effektive Abwicklung notwendig. Wir fungieren zwar nicht als Generalunternehmer stehen Ihnen jedoch gerne mit Rat und Tat zur Seite, wenn es um die\u00a0Sanierungsarbeiten bzw. um Empfehlungen\u00a0von Folgefirmen geht. Es kommt vor, dass sich bei Begehungen von vermeintlichen\u00a0Wassersch\u00e4den ein Sanierungsdefizit darstellt. In solchen F\u00e4llen k\u00f6nnen\u00a0wir Sie umfangreich beraten\u00a0und in den folgenden Bereichen\u00a0unterst\u00fctzen:<\/p>\n<p>[\/et_pb_text][\/et_pb_column][\/et_pb_row][\/et_pb_section][et_pb_section fb_built=&#8221;1&#8243; _builder_version=&#8221;4.2.2&#8243; custom_padding=&#8221;1px||0px||false|false&#8221;][et_pb_row use_custom_gutter=&#8221;on&#8221; gutter_width=&#8221;2&#8243; make_equal=&#8221;on&#8221; _builder_version=&#8221;4.2.2&#8243; background_image=&#8221;http:\/\/krzysztof.dfirma.pl\/wp-content\/uploads\/2020\/05\/Construction-88-1.png&#8221; z_index=&#8221;500&#8243; width=&#8221;90%&#8221; width_tablet=&#8221;90%&#8221; width_phone=&#8221;90%&#8221; width_last_edited=&#8221;on|desktop&#8221; max_width=&#8221;1170px&#8221; max_width_tablet=&#8221;90%&#8221; max_width_phone=&#8221;90%&#8221; max_width_last_edited=&#8221;on|tablet&#8221; custom_margin=&#8221;-197px|auto||auto|false|false&#8221; custom_padding=&#8221;70px|30px|70px|30px|true|true&#8221; border_radii=&#8221;on|5px|5px|5px|5px&#8221;][et_pb_column type=&#8221;4_4&#8243; _builder_version=&#8221;4.2.2&#8243;][et_pb_text _builder_version=&#8221;4.2.2&#8243; header_2_font=&#8221;Barlow Condensed|300|||||||&#8221; header_2_text_align=&#8221;center&#8221; header_2_text_color=&#8221;#ffffff&#8221; header_2_font_size=&#8221;50px&#8221; header_2_line_height=&#8221;1.2em&#8221; z_index=&#8221;430&#8243; max_width=&#8221;800px&#8221; module_alignment=&#8221;center&#8221; custom_margin=&#8221;-15px||||false|false&#8221;]<\/p>\n<h2><strong>+49 176 71 68 6173<br \/>\n<\/strong><\/h2>\n<p>[\/et_pb_text][\/et_pb_column][\/et_pb_row][\/et_pb_section]<\/p>\n","protected":false},"excerpt":{"rendered":"<p>[et_pb_section fb_built=&#8221;1&#8243; custom_padding_last_edited=&#8221;on|phone&#8221; _builder_version=&#8221;4.4.2&#8243; background_color=&#8221;rgba(0,0,0,0.47)&#8221; background_image=&#8221;http:\/\/krzysztof.dfirma.pl\/wp-content\/uploads\/2020\/05\/fittings-2784902_1920.jpg&#8221; background_blend=&#8221;overlay&#8221; custom_padding=&#8221;0vh||0vh||true|false&#8221; custom_padding_tablet=&#8221;15vh||15vh||true|false&#8221; custom_padding_phone=&#8221;10vh||10vh||true|false&#8221;][et_pb_row use_custom_gutter=&#8221;on&#8221; gutter_width=&#8221;2&#8243; make_equal=&#8221;on&#8221; _builder_version=&#8221;4.2.2&#8243; width=&#8221;90%&#8221; width_tablet=&#8221;90%&#8221; width_phone=&#8221;90%&#8221; width_last_edited=&#8221;on|desktop&#8221; max_width=&#8221;1170px&#8221; max_width_tablet=&#8221;90%&#8221; max_width_phone=&#8221;90%&#8221; max_width_last_edited=&#8221;on|tablet&#8221; animation_style=&#8221;slide&#8221; animation_direction=&#8221;top&#8221;][et_pb_column type=&#8221;4_4&#8243; _builder_version=&#8221;4.2.2&#8243;][et_pb_text _builder_version=&#8221;4.4.2&#8243; header_font=&#8221;Barlow Condensed|300|||||||&#8221; header_text_align=&#8221;center&#8221; header_text_color=&#8221;#ffffff&#8221; header_font_size=&#8221;90px&#8221; header_letter_spacing=&#8221;-1px&#8221; header_font_size_tablet=&#8221;60px&#8221; header_font_size_phone=&#8221;40px&#8221; header_font_size_last_edited=&#8221;on|phone&#8221;] MARUSA.de [\/et_pb_text][\/et_pb_column][\/et_pb_row][et_pb_row column_structure=&#8221;1_2,1_2&#8243; use_custom_gutter=&#8221;on&#8221; gutter_width=&#8221;1&#8243; make_equal=&#8221;on&#8221; _builder_version=&#8221;4.2.2&#8243; width=&#8221;90%&#8221; width_tablet=&#8221;90%&#8221; width_phone=&#8221;90%&#8221; width_last_edited=&#8221;on|desktop&#8221; max_width=&#8221;1170px&#8221; max_width_tablet=&#8221;90%&#8221; max_width_phone=&#8221;90%&#8221; max_width_last_edited=&#8221;on|tablet&#8221; custom_padding=&#8221;7px||53px||false|false&#8221; animation_style=&#8221;slide&#8221; animation_direction=&#8221;bottom&#8221;][et_pb_column type=&#8221;1_2&#8243; [&hellip;]<\/p>\n","protected":false},"author":1,"featured_media":0,"parent":0,"menu_order":0,"comment_status":"closed","ping_status":"closed","template":"","meta":{"_et_pb_use_builder":"on","_et_pb_old_content":"","_et_gb_content_width":"","footnotes":""},"class_list":["post-9","page","type-page","status-publish","hentry"],"_links":{"self":[{"href":"https:\/\/www.marusa.de\/index.php\/wp-json\/wp\/v2\/pages\/9","targetHints":{"allow":["GET"]}}],"collection":[{"href":"https:\/\/www.marusa.de\/index.php\/wp-json\/wp\/v2\/pages"}],"about":[{"href":"https:\/\/www.marusa.de\/index.php\/wp-json\/wp\/v2\/types\/page"}],"author":[{"embeddable":true,"href":"https:\/\/www.marusa.de\/index.php\/wp-json\/wp\/v2\/users\/1"}],"replies":[{"embeddable":true,"href":"https:\/\/www.marusa.de\/index.php\/wp-json\/wp\/v2\/comments?post=9"}],"version-history":[{"count":0,"href":"https:\/\/www.marusa.de\/index.php\/wp-json\/wp\/v2\/pages\/9\/revisions"}],"wp:attachment":[{"href":"https:\/\/www.marusa.de\/index.php\/wp-json\/wp\/v2\/media?parent=9"}],"curies":[{"name":"wp","href":"https:\/\/api.w.org\/{rel}","templated":true}]}}